{"id":498,"date":"2021-04-24T14:59:44","date_gmt":"2021-04-24T14:59:44","guid":{"rendered":"https:\/\/aktuva.com\/?page_id=498"},"modified":"2022-08-26T05:05:52","modified_gmt":"2022-08-26T05:05:52","slug":"kurumsal","status":"publish","type":"page","link":"https:\/\/aktuva.com\/?page_id=498&lang=tr","title":{"rendered":"Kurumsal"},"content":{"rendered":"<div id=\"tdi_1\" class=\"tdc-zone\"><div class=\"tdc_zone tdi_2  wpb_row td-pb-row\"  >\n<style scoped>\n\/* custom css - generated by TagDiv Composer *\/\n\n\/* custom css - generated by TagDiv Composer *\/\n\/* custom css - generated by TagDiv Composer *\/\n.tdi_2{\r\n                    min-height: 0;\r\n                }\n<\/style><div id=\"tdi_3\" class=\"tdc-row stretch_row_1600 td-stretch-content\"><div class=\"vc_row tdi_4 td-header-content wpb_row td-pb-row tdc-element-style\" >\n<style scoped>\n\/* custom css - generated by TagDiv Composer *\/\n\n\/* custom css - generated by TagDiv Composer *\/\n\/* custom css - generated by TagDiv Composer *\/\n.tdi_4,\r\n                .tdi_4 .tdc-columns{\r\n                    min-height: 0;\r\n                }.tdi_4,\r\n\t\t\t\t.tdi_4 .tdc-columns{\r\n\t\t\t\t    display: block;\r\n\t\t\t\t}.tdi_4 .tdc-columns{\r\n\t\t\t\t    width: 100%;\r\n\t\t\t\t}\n\/* inline tdc_css att - generated by TagDiv Composer *\/\n\n.tdi_4{\nposition:relative;\n}\n\n.tdi_4 .td_block_wrap{ text-align:left }\n\n\/* phone *\/\n@media (max-width: 767px)\n{\n.tdi_4{\nmargin-top:20px !important;\nmargin-bottom:40px !important;\n}\n}\n\n\/* portrait *\/\n@media (min-width: 768px) and (max-width: 1018px)\n{\n.tdi_4{\nmargin-top:30px !important;\nmargin-bottom:50px !important;\n}\n}\n\n<\/style>\n<div class=\"tdi_3_rand_style td-element-style\" ><div class=\"td-element-style-before\"><style>\n\/* custom css - generated by TagDiv Composer *\/\n\n.tdi_3_rand_style > .td-element-style-before {\ncontent:'' !important;\nwidth:100% !important;\nheight:100% !important;\nposition:absolute !important;\ntop:0 !important;\nleft:0 !important;\ndisplay:block !important;\nz-index:0 !important;\nopacity:0.3 !important;\n}\n<\/style><\/div><\/div><div class=\"vc_column tdi_6  wpb_column vc_column_container tdc-column td-pb-span12\">\n<style scoped>\n\/* custom css - generated by TagDiv Composer *\/\n\n\/* custom css - generated by TagDiv Composer *\/\n\/* custom css - generated by TagDiv Composer *\/\n.tdi_6{\r\n                    vertical-align: baseline;\r\n                }.tdi_6 > .wpb_wrapper,\r\n\t\t\t\t.tdi_6 > .wpb_wrapper > .tdc-elements{\r\n\t\t\t\t    display: block;\r\n\t\t\t\t}.tdi_6 > .wpb_wrapper > .tdc-elements{\r\n\t\t\t\t    width: 100%;\r\n\t\t\t\t}.tdi_6 > .wpb_wrapper > .vc_row_inner{\r\n\t\t\t\t    width: auto;\r\n\t\t\t\t}.tdi_6 > .wpb_wrapper{\r\n\t\t\t\t    width: auto;\r\n\t\t\t\t    height: auto;\r\n\t\t\t\t}\n\/* inline tdc_css att - generated by TagDiv Composer *\/\n\n.tdi_6{\nmargin-top:-100px !important;\nposition:relative;\n}\n\n<\/style>\n<div class=\"tdi_5_rand_style td-element-style\" ><div class=\"td-element-style-before\"><style>\n\/* custom css - generated by TagDiv Composer *\/\n\n.tdi_5_rand_style > .td-element-style-before {\ncontent:'' !important;\nwidth:100% !important;\nheight:100% !important;\nposition:absolute !important;\ntop:0 !important;\nleft:0 !important;\ndisplay:block !important;\nz-index:0 !important;\nbackground-image:url(\"https:\/\/aktuva.com\/wp-content\/uploads\/2022\/01\/background-scaled.jpg\") !important;\nopacity:0.3 !important;\nbackground-size:cover !important;\nbackground-position:center top !important;\n}\n<\/style><\/div><\/div><div class=\"wpb_wrapper\" ><div class=\"tdm_block td_block_wrap tdm_block_column_title tdi_7 tdm-content-horiz-center td-pb-border-top td_block_template_1\"  data-td-block-uid=\"tdi_7\" >\n<style>\n\n\/* inline tdc_css att - generated by TagDiv Composer *\/\n\n.tdi_7{\nmargin-top:150px !important;\n}\n\n<\/style>\n<style>\n\/* custom css - generated by TagDiv Composer *\/\n\/* custom css - generated by TagDiv Composer *\/\n.tdm_block_column_title{\r\n                  margin-bottom: 0;\r\n                  display: inline-block;\r\n                  width: 100%;\r\n                }\n<\/style><div class=\"td-block-row\"><div class=\"td-block-span12 tdm-col\">\n<style>\n\/* custom css - generated by TagDiv Composer *\/\n\/* custom css - generated by TagDiv Composer *\/\n.tdi_8 .tdm-title-line{\r\n\t\t\t\t\twidth: 180px;\r\n\t\t\t\t}.tdi_8 .tdm-title-line:after{\r\n\t\t\t\t\theight: 2px;\r\n\t\t\t\t\r\n\t\t\t\t\tbottom: 40%;\r\n\t\t\t\t}.tdi_8 .tdm-title-line{\r\n\t\t\t\t\theight: 49px;\r\n\t\t\t\t}\n<\/style><div class=\"tds-title tds-title2 td-fix-index tdi_8 \"><h3 class=\"tdm-title tdm-title-md\">Firma Profili<\/h3><div class=\"tdm-title-line\"><\/div><\/div><\/div><\/div><\/div><div class=\"tdm_block td_block_wrap tdm_block_inline_text tdi_9 td-pb-border-top td_block_template_1\"  data-td-block-uid=\"tdi_9\" >\n<style>\n\/* custom css - generated by TagDiv Composer *\/\n\/* custom css - generated by TagDiv Composer *\/\n.tdm_block.tdm_block_inline_text{\r\n                  margin-bottom: 0;\r\n                  vertical-align: top;\r\n                }.tdm_block.tdm_block_inline_text .tdm-descr{\r\n                  margin-bottom: 0;\r\n                  -webkit-transform: translateZ(0);\r\n                  transform: translateZ(0);\r\n                }.tdc-row-content-vert-center .tdm-inline-text-yes{\r\n                  vertical-align: middle;\r\n                }.tdc-row-content-vert-bottom .tdm-inline-text-yes{\r\n                  vertical-align: bottom;\r\n                }.tdi_9{\r\n                    text-align: center !important;\r\n                    margin-right: auto; \r\n                    margin-left: auto;\r\n                }.tdi_9 .tdm-descr{\r\n\t\t\t\t\tfont-size:16px !important;\r\n\t\t\t\t}\n<\/style><p class=\"tdm-descr\">Asans\u00f6r sekt\u00f6r\u00fcndeki faaliyetlerini geli\u015ftiren AKTUVA ASANS\u00d6R, teknolojik geli\u015fmeleri yak\u0131ndan takip eden ve b\u00fcnyesinde uygulayan uzman bir kurulu\u015ftur. Kalite, teknoloji, konfor ve g\u00fcvenlik kavramlar\u0131na ekonomik \u00f6\u011feleri de katarak ta\u015f\u0131mac\u0131l\u0131k sekt\u00f6r\u00fcnde kar\u015f\u0131la\u015f\u0131lan problemlere kar\u015f\u0131 kal\u0131c\u0131 \u00e7\u00f6z\u00fcmler \u00fcretir. AKTUVA ASANS\u00d6R, asans\u00f6r kap\u0131lar\u0131, asans\u00f6r kabinleri, panolar, butonlar ve t\u00fcm asans\u00f6r yedek par\u00e7alar\u0131n\u0131n \u00fcretiminde, sat\u0131\u015f\u0131nda ve pazarlamas\u0131nda T\u00fcrkiye'nin her b\u00f6lgesine hizmet vermektedir.\n<br>\n<br>\nTeknolojik geli\u015fmeleri yak\u0131ndan takip ederek standartlara uygun asans\u00f6r par\u00e7alar\u0131 \u00fcretimi yapmak ve hizmet sunmak; Rekabet ortam\u0131nda en uygun maliyet ve en y\u00fcksek kalitede \u00fcr\u00fcn ve hizmetleri en iyi ko\u015fullarda ve zaman\u0131nda sunarak m\u00fc\u015fteri memnuniyetini sa\u011flamak ama\u00e7lar\u0131m\u0131z aras\u0131nda yer almaktad\u0131r.\n<br>\n<br>\n<br>\n<br><\/p><\/div><div class=\"tdm_block td_block_wrap tdm_block_column_title tdi_10 tdm-content-horiz-center td-pb-border-top td_block_template_1\"  data-td-block-uid=\"tdi_10\" ><div class=\"td-block-row\"><div class=\"td-block-span12 tdm-col\">\n<style>\n\/* custom css - generated by TagDiv Composer *\/\n\/* custom css - generated by TagDiv Composer *\/\n.tdi_11 .tdm-title-line{\r\n\t\t\t\t\twidth: 180px;\r\n\t\t\t\t}.tdi_11 .tdm-title-line:after{\r\n\t\t\t\t\theight: 2px;\r\n\t\t\t\t\r\n\t\t\t\t\tbottom: 40%;\r\n\t\t\t\t}.tdi_11 .tdm-title-line{\r\n\t\t\t\t\theight: 49px;\r\n\t\t\t\t}\n<\/style><div class=\"tds-title tds-title2 td-fix-index tdi_11 \"><h3 class=\"tdm-title tdm-title-md\">Misyonumuz<\/h3><div class=\"tdm-title-line\"><\/div><\/div><\/div><\/div><\/div><div class=\"tdm_block td_block_wrap tdm_block_inline_text tdi_12 td-pb-border-top td_block_template_1\"  data-td-block-uid=\"tdi_12\" >\n<style>\n\/* custom css - generated by TagDiv Composer *\/\n\/* custom css - generated by TagDiv Composer *\/\n.tdi_12{\r\n                    text-align: center !important;\r\n                    margin-right: auto; \r\n                    margin-left: auto;\r\n                }.tdi_12 .tdm-descr{\r\n\t\t\t\t\tfont-size:16px !important;\r\n\t\t\t\t}\n<\/style><p class=\"tdm-descr\">Yenilikte ve \u00fcretimde \u00f6nder olmak, Etkin ekip \u00e7al\u0131\u015fmas\u0131na inanmak. M\u00fc\u015fterilerinin beklentilerini kar\u015f\u0131lamak ve hizmetlerimizi y\u00fcksek kaliteyle sunmak. M\u00fc\u015fteri memnuniyetini maksimum d\u00fczeyde tutmak ve yeni referanslar kazanmak.\n<br>\n<br>\n<br>\n<br><\/p><\/div><div class=\"tdm_block td_block_wrap tdm_block_column_title tdi_13 tdm-content-horiz-center td-pb-border-top td_block_template_1\"  data-td-block-uid=\"tdi_13\" ><div class=\"td-block-row\"><div class=\"td-block-span12 tdm-col\">\n<style>\n\/* custom css - generated by TagDiv Composer *\/\n\/* custom css - generated by TagDiv Composer *\/\n.tdi_14 .tdm-title-line{\r\n\t\t\t\t\twidth: 180px;\r\n\t\t\t\t}.tdi_14 .tdm-title-line:after{\r\n\t\t\t\t\theight: 2px;\r\n\t\t\t\t\r\n\t\t\t\t\tbottom: 40%;\r\n\t\t\t\t}.tdi_14 .tdm-title-line{\r\n\t\t\t\t\theight: 49px;\r\n\t\t\t\t}\n<\/style><div class=\"tds-title tds-title2 td-fix-index tdi_14 \"><h3 class=\"tdm-title tdm-title-md\">Vizyonumuz<\/h3><div class=\"tdm-title-line\"><\/div><\/div><\/div><\/div><\/div><div class=\"tdm_block td_block_wrap tdm_block_inline_text tdi_15 td-pb-border-top td_block_template_1\"  data-td-block-uid=\"tdi_15\" >\n<style>\n\/* custom css - generated by TagDiv Composer *\/\n\/* custom css - generated by TagDiv Composer *\/\n.tdi_15{\r\n                    text-align: center !important;\r\n                    margin-right: auto; \r\n                    margin-left: auto;\r\n                }.tdi_15 .tdm-descr{\r\n\t\t\t\t\tfont-size:16px !important;\r\n\t\t\t\t}\n<\/style><p class=\"tdm-descr\">Verdi\u011fimiz hizmetlerde, sekt\u00f6r\u00fc en do\u011fru \u015fekilde takip edip s\u00fcre\u00e7 y\u00f6netiminde profesyonellerle \u00e7al\u0131\u015farak, s\u00fcrekli en m\u00fckemmeli m\u00fc\u015fterilerimize sa\u011flamak. D\u00fcr\u00fcstl\u00fc\u011fe ve ticaret ahlak\u0131na duydu\u011fu sayg\u0131y\u0131 daimi k\u0131lmak. Hizmet kalitesini, kar politikalar\u0131ndan daha \u00f6nde tutmak. Yenilikleri yak\u0131ndan takip ederek farkl\u0131l\u0131klar yarat\u0131p sekt\u00f6rde kal\u0131c\u0131 \u00fcst\u00fcnl\u00fckler sa\u011flamak.\n<br>\n<br>\n<br>\n<br><\/p><\/div><div class=\"tdm_block td_block_wrap tdm_block_column_title tdi_16 tdm-content-horiz-center td-pb-border-top td_block_template_1\"  data-td-block-uid=\"tdi_16\" ><div class=\"td-block-row\"><div class=\"td-block-span12 tdm-col\">\n<style>\n\/* custom css - generated by TagDiv Composer *\/\n\/* custom css - generated by TagDiv Composer *\/\n.tdi_17 .tdm-title-line{\r\n\t\t\t\t\twidth: 180px;\r\n\t\t\t\t}.tdi_17 .tdm-title-line:after{\r\n\t\t\t\t\theight: 2px;\r\n\t\t\t\t\r\n\t\t\t\t\tbottom: 40%;\r\n\t\t\t\t}.tdi_17 .tdm-title-line{\r\n\t\t\t\t\theight: 49px;\r\n\t\t\t\t}\n<\/style><div class=\"tds-title tds-title2 td-fix-index tdi_17 \"><h3 class=\"tdm-title tdm-title-md\">Kalite Politikam\u0131z<\/h3><div class=\"tdm-title-line\"><\/div><\/div><\/div><\/div><\/div><div class=\"tdm_block td_block_wrap tdm_block_inline_text tdi_18 td-pb-border-top td_block_template_1\"  data-td-block-uid=\"tdi_18\" >\n<style>\n\/* custom css - generated by TagDiv Composer *\/\n\/* custom css - generated by TagDiv Composer *\/\n.tdi_18{\r\n                    text-align: center !important;\r\n                    margin-right: auto; \r\n                    margin-left: auto;\r\n                }.tdi_18 .tdm-descr{\r\n\t\t\t\t\tfont-size:16px !important;\r\n\t\t\t\t}\n<\/style><p class=\"tdm-descr\">AKTUVA ASANS\u00d6R olarak, s\u00fcrekli y\u00fckselen performans\u0131 ile yerel ve ulusal aras\u0131 asans\u00f6r sekt\u00f6r\u00fcnde hizmetlerimize devam etmekteyiz. \n<br><br>\nAsans\u00f6rler, dikey yap\u0131la\u015fman\u0131n vazge\u00e7ilmez unsurlar\u0131 haline gelmekte ve hayat\u0131m\u0131z\u0131 kolayla\u015ft\u0131r\u0131c\u0131 ve modern \u00e7a\u011f\u0131n en \u00f6nemli ta\u015f\u0131ma ara\u00e7lar\u0131ndan biridir. Her g\u00fcn y\u00fczlerce insan\u0131n kulland\u0131\u011f\u0131 asans\u00f6rler yap\u0131lar\u0131ndaki mekanik ve elektronik aksamlar\u0131 nedeniyle elbette ki zaman zaman kaza riski ta\u015f\u0131maktad\u0131rlar. \u0130\u015fte bu riski minimize etmek ve size kaliteli bir hizmet ortaya koymaktay\u0131z. \n<br><br>\nMutlak m\u00fc\u015fteri memnuniyeti ilkesi ile faaliyetini s\u00fcrd\u00fcren AKTUVA ASANS\u00d6R seri \u00fcretim, montaj, bak\u0131m ve modernizasyon konular\u0131nda g\u00fcven, ileri teknoloji, y\u00fcksek performans, uygun fiyat ve y\u00fcksek standartlarda \u00e7al\u0131\u015fmalar\u0131n\u0131 s\u00fcrd\u00fcrmektedir.\n<br>\n<br>\n<br>\n<br><\/p><\/div><\/div><\/div><\/div><\/div><\/div><\/div>","protected":false},"excerpt":{"rendered":"","protected":false},"author":1,"featured_media":0,"parent":0,"menu_order":0,"comment_status":"closed","ping_status":"closed","template":"","meta":{"footnotes":""},"class_list":["post-498","page","type-page","status-publish","hentry"],"_links":{"self":[{"href":"https:\/\/aktuva.com\/index.php?rest_route=\/wp\/v2\/pages\/498","targetHints":{"allow":["GET"]}}],"collection":[{"href":"https:\/\/aktuva.com\/index.php?rest_route=\/wp\/v2\/pages"}],"about":[{"href":"https:\/\/aktuva.com\/index.php?rest_route=\/wp\/v2\/types\/page"}],"author":[{"embeddable":true,"href":"https:\/\/aktuva.com\/index.php?rest_route=\/wp\/v2\/users\/1"}],"replies":[{"embeddable":true,"href":"https:\/\/aktuva.com\/index.php?rest_route=%2Fwp%2Fv2%2Fcomments&post=498"}],"version-history":[{"count":20,"href":"https:\/\/aktuva.com\/index.php?rest_route=\/wp\/v2\/pages\/498\/revisions"}],"predecessor-version":[{"id":1284,"href":"https:\/\/aktuva.com\/index.php?rest_route=\/wp\/v2\/pages\/498\/revisions\/1284"}],"wp:attachment":[{"href":"https:\/\/aktuva.com\/index.php?rest_route=%2Fwp%2Fv2%2Fmedia&parent=498"}],"curies":[{"name":"wp","href":"https:\/\/api.w.org\/{rel}","templated":true}]}}