{"id":873,"date":"2021-04-24T14:59:44","date_gmt":"2021-04-24T14:59:44","guid":{"rendered":"https:\/\/aktuva.com\/?page_id=873"},"modified":"2022-01-22T23:30:38","modified_gmt":"2022-01-22T23:30:38","slug":"institutionnel","status":"publish","type":"page","link":"https:\/\/aktuva.com\/?page_id=873&lang=fr","title":{"rendered":"Institutionnel"},"content":{"rendered":"<div id=\"tdi_1\" class=\"tdc-zone\"><div class=\"tdc_zone tdi_2  wpb_row td-pb-row\"  >\n<style scoped>\n\/* custom css - generated by TagDiv Composer *\/\n\n\/* custom css - generated by TagDiv Composer *\/\n\/* custom css - generated by TagDiv Composer *\/\n.tdi_2{\r\n                    min-height: 0;\r\n                }\n<\/style><div id=\"tdi_3\" class=\"tdc-row stretch_row_1600 td-stretch-content\"><div class=\"vc_row tdi_4 td-header-content wpb_row td-pb-row tdc-element-style\" >\n<style scoped>\n\/* custom css - generated by TagDiv Composer *\/\n\n\/* custom css - generated by TagDiv Composer *\/\n\/* custom css - generated by TagDiv Composer *\/\n.tdi_4,\r\n                .tdi_4 .tdc-columns{\r\n                    min-height: 0;\r\n                }.tdi_4,\r\n\t\t\t\t.tdi_4 .tdc-columns{\r\n\t\t\t\t    display: block;\r\n\t\t\t\t}.tdi_4 .tdc-columns{\r\n\t\t\t\t    width: 100%;\r\n\t\t\t\t}\n\/* inline tdc_css att - generated by TagDiv Composer *\/\n\n.tdi_4{\nposition:relative;\n}\n\n.tdi_4 .td_block_wrap{ text-align:left }\n\n\/* phone *\/\n@media (max-width: 767px)\n{\n.tdi_4{\nmargin-top:20px !important;\nmargin-bottom:40px !important;\n}\n}\n\n\/* portrait *\/\n@media (min-width: 768px) and (max-width: 1018px)\n{\n.tdi_4{\nmargin-top:30px !important;\nmargin-bottom:50px !important;\n}\n}\n\n<\/style>\n<div class=\"tdi_3_rand_style td-element-style\" ><div class=\"td-element-style-before\"><style>\n\/* custom css - generated by TagDiv Composer *\/\n\n.tdi_3_rand_style > .td-element-style-before {\ncontent:'' !important;\nwidth:100% !important;\nheight:100% !important;\nposition:absolute !important;\ntop:0 !important;\nleft:0 !important;\ndisplay:block !important;\nz-index:0 !important;\nopacity:0.3 !important;\n}\n<\/style><\/div><\/div><div class=\"vc_column tdi_6  wpb_column vc_column_container tdc-column td-pb-span12\">\n<style scoped>\n\/* custom css - generated by TagDiv Composer *\/\n\n\/* custom css - generated by TagDiv Composer *\/\n\/* custom css - generated by TagDiv Composer *\/\n.tdi_6{\r\n                    vertical-align: baseline;\r\n                }.tdi_6 > .wpb_wrapper,\r\n\t\t\t\t.tdi_6 > .wpb_wrapper > .tdc-elements{\r\n\t\t\t\t    display: block;\r\n\t\t\t\t}.tdi_6 > .wpb_wrapper > .tdc-elements{\r\n\t\t\t\t    width: 100%;\r\n\t\t\t\t}.tdi_6 > .wpb_wrapper > .vc_row_inner{\r\n\t\t\t\t    width: auto;\r\n\t\t\t\t}.tdi_6 > .wpb_wrapper{\r\n\t\t\t\t    width: auto;\r\n\t\t\t\t    height: auto;\r\n\t\t\t\t}\n\/* inline tdc_css att - generated by TagDiv Composer *\/\n\n.tdi_6{\nmargin-top:-100px !important;\nposition:relative;\n}\n\n<\/style>\n<div class=\"tdi_5_rand_style td-element-style\" ><div class=\"td-element-style-before\"><style>\n\/* custom css - generated by TagDiv Composer *\/\n\n.tdi_5_rand_style > .td-element-style-before {\ncontent:'' !important;\nwidth:100% !important;\nheight:100% !important;\nposition:absolute !important;\ntop:0 !important;\nleft:0 !important;\ndisplay:block !important;\nz-index:0 !important;\nbackground-image:url(\"https:\/\/aktuva.com\/wp-content\/uploads\/2022\/01\/background-scaled.jpg\") !important;\nopacity:0.3 !important;\nbackground-size:cover !important;\nbackground-position:center top !important;\n}\n<\/style><\/div><\/div><div class=\"wpb_wrapper\" ><div class=\"tdm_block td_block_wrap tdm_block_column_title tdi_7 tdm-content-horiz-center td-pb-border-top td_block_template_1\"  data-td-block-uid=\"tdi_7\" >\n<style>\n\n\/* inline tdc_css att - generated by TagDiv Composer *\/\n\n.tdi_7{\nmargin-top:150px !important;\n}\n\n<\/style>\n<style>\n\/* custom css - generated by TagDiv Composer *\/\n\/* custom css - generated by TagDiv Composer *\/\n.tdm_block_column_title{\r\n                  margin-bottom: 0;\r\n                  display: inline-block;\r\n                  width: 100%;\r\n                }\n<\/style><div class=\"td-block-row\"><div class=\"td-block-span12 tdm-col\">\n<style>\n\/* custom css - generated by TagDiv Composer *\/\n\/* custom css - generated by TagDiv Composer *\/\n.tdi_8 .tdm-title-line{\r\n\t\t\t\t\twidth: 180px;\r\n\t\t\t\t}.tdi_8 .tdm-title-line:after{\r\n\t\t\t\t\theight: 2px;\r\n\t\t\t\t\r\n\t\t\t\t\tbottom: 40%;\r\n\t\t\t\t}.tdi_8 .tdm-title-line{\r\n\t\t\t\t\theight: 49px;\r\n\t\t\t\t}\n<\/style><div class=\"tds-title tds-title2 td-fix-index tdi_8 \"><h3 class=\"tdm-title tdm-title-md\">Profil de la soci\u00e9t\u00e9<\/h3><div class=\"tdm-title-line\"><\/div><\/div><\/div><\/div><\/div><div class=\"tdm_block td_block_wrap tdm_block_inline_text tdi_9 td-pb-border-top td_block_template_1\"  data-td-block-uid=\"tdi_9\" >\n<style>\n\/* custom css - generated by TagDiv Composer *\/\n\/* custom css - generated by TagDiv Composer *\/\n.tdm_block.tdm_block_inline_text{\r\n                  margin-bottom: 0;\r\n                  vertical-align: top;\r\n                }.tdm_block.tdm_block_inline_text .tdm-descr{\r\n                  margin-bottom: 0;\r\n                  -webkit-transform: translateZ(0);\r\n                  transform: translateZ(0);\r\n                }.tdc-row-content-vert-center .tdm-inline-text-yes{\r\n                  vertical-align: middle;\r\n                }.tdc-row-content-vert-bottom .tdm-inline-text-yes{\r\n                  vertical-align: bottom;\r\n                }.tdi_9{\r\n                    text-align: center !important;\r\n                    margin-right: auto; \r\n                    margin-left: auto;\r\n                }.tdi_9 .tdm-descr{\r\n\t\t\t\t\tfont-size:16px !important;\r\n\t\t\t\t}\n<\/style><p class=\"tdm-descr\">AKTUVA ASANS\u00d6R, qui d\u00e9veloppe ses activit\u00e9s dans le secteur des ascenseurs, est une organisation experte qui suit de pr\u00e8s les \u00e9volutions technologiques et les applique au sein de sa structure. En ajoutant des \u00e9l\u00e9ments \u00e9conomiques aux concepts de qualit\u00e9, de technologie, de confort et de s\u00e9curit\u00e9, il cr\u00e9e des solutions permanentes contre les probl\u00e8mes rencontr\u00e9s dans le secteur des transports. AKTUVA ASANS\u00d6R fournit un service \u00e0 chaque r\u00e9gion de la Turquie dans la production, la vente et la commercialisation de portes d'ascenseur, de cabines d'ascenseur, de panneaux, de boutons et de toutes les pi\u00e8ces de rechange d'ascenseur.\n<br><br>\nSuivre de pr\u00e8s les \u00e9volutions technologiques et produire des pi\u00e8ces d'ascenseurs conform\u00e9ment aux normes et fournir des services\u00a0; C'est l'un de nos objectifs d'assurer la satisfaction du client en offrant les produits et services les plus rentables et de la plus haute qualit\u00e9 dans les meilleures conditions et \u00e0 temps dans un environnement concurrentiel.\n<br>\n<br>\n<br>\n<br><\/p><\/div><div class=\"tdm_block td_block_wrap tdm_block_column_title tdi_10 tdm-content-horiz-center td-pb-border-top td_block_template_1\"  data-td-block-uid=\"tdi_10\" ><div class=\"td-block-row\"><div class=\"td-block-span12 tdm-col\">\n<style>\n\/* custom css - generated by TagDiv Composer *\/\n\/* custom css - generated by TagDiv Composer *\/\n.tdi_11 .tdm-title-line{\r\n\t\t\t\t\twidth: 180px;\r\n\t\t\t\t}.tdi_11 .tdm-title-line:after{\r\n\t\t\t\t\theight: 2px;\r\n\t\t\t\t\r\n\t\t\t\t\tbottom: 40%;\r\n\t\t\t\t}.tdi_11 .tdm-title-line{\r\n\t\t\t\t\theight: 49px;\r\n\t\t\t\t}\n<\/style><div class=\"tds-title tds-title2 td-fix-index tdi_11 \"><h3 class=\"tdm-title tdm-title-md\">Notre Mission<\/h3><div class=\"tdm-title-line\"><\/div><\/div><\/div><\/div><\/div><div class=\"tdm_block td_block_wrap tdm_block_inline_text tdi_12 td-pb-border-top td_block_template_1\"  data-td-block-uid=\"tdi_12\" >\n<style>\n\/* custom css - generated by TagDiv Composer *\/\n\/* custom css - generated by TagDiv Composer *\/\n.tdi_12{\r\n                    text-align: center !important;\r\n                    margin-right: auto; \r\n                    margin-left: auto;\r\n                }.tdi_12 .tdm-descr{\r\n\t\t\t\t\tfont-size:16px !important;\r\n\t\t\t\t}\n<\/style><p class=\"tdm-descr\">\u00catre un leader dans l'innovation et la production, Croire au travail d'\u00e9quipe efficace. Pour r\u00e9pondre aux attentes de nos clients et offrir nos services de haute qualit\u00e9. Maintenir la satisfaction client au maximum et gagner de nouvelles r\u00e9f\u00e9rences.\n<br>\n<br>\n<br>\n<br><\/p><\/div><div class=\"tdm_block td_block_wrap tdm_block_column_title tdi_13 tdm-content-horiz-center td-pb-border-top td_block_template_1\"  data-td-block-uid=\"tdi_13\" ><div class=\"td-block-row\"><div class=\"td-block-span12 tdm-col\">\n<style>\n\/* custom css - generated by TagDiv Composer *\/\n\/* custom css - generated by TagDiv Composer *\/\n.tdi_14 .tdm-title-line{\r\n\t\t\t\t\twidth: 180px;\r\n\t\t\t\t}.tdi_14 .tdm-title-line:after{\r\n\t\t\t\t\theight: 2px;\r\n\t\t\t\t\r\n\t\t\t\t\tbottom: 40%;\r\n\t\t\t\t}.tdi_14 .tdm-title-line{\r\n\t\t\t\t\theight: 49px;\r\n\t\t\t\t}\n<\/style><div class=\"tds-title tds-title2 td-fix-index tdi_14 \"><h3 class=\"tdm-title tdm-title-md\">Notre Vision<\/h3><div class=\"tdm-title-line\"><\/div><\/div><\/div><\/div><\/div><div class=\"tdm_block td_block_wrap tdm_block_inline_text tdi_15 td-pb-border-top td_block_template_1\"  data-td-block-uid=\"tdi_15\" >\n<style>\n\/* custom css - generated by TagDiv Composer *\/\n\/* custom css - generated by TagDiv Composer *\/\n.tdi_15{\r\n                    text-align: center !important;\r\n                    margin-right: auto; \r\n                    margin-left: auto;\r\n                }.tdi_15 .tdm-descr{\r\n\t\t\t\t\tfont-size:16px !important;\r\n\t\t\t\t}\n<\/style><p class=\"tdm-descr\">Dans les services que nous fournissons, suivre le secteur de la mani\u00e8re la plus pr\u00e9cise et travailler avec des professionnels de la gestion des processus, pour fournir \u00e0 nos clients le plus parfait. Perp\u00e9tuer le respect de l'honn\u00eatet\u00e9 et de l'\u00e9thique des affaires. Maintenir la qualit\u00e9 du service avant les politiques de profit. Cr\u00e9er des diff\u00e9rences en suivant de pr\u00e8s les innovations et apporter des avantages permanents dans le secteur.\n<br>\n<br>\n<br>\n<br><\/p><\/div><div class=\"tdm_block td_block_wrap tdm_block_column_title tdi_16 tdm-content-horiz-center td-pb-border-top td_block_template_1\"  data-td-block-uid=\"tdi_16\" ><div class=\"td-block-row\"><div class=\"td-block-span12 tdm-col\">\n<style>\n\/* custom css - generated by TagDiv Composer *\/\n\/* custom css - generated by TagDiv Composer *\/\n.tdi_17 .tdm-title-line{\r\n\t\t\t\t\twidth: 180px;\r\n\t\t\t\t}.tdi_17 .tdm-title-line:after{\r\n\t\t\t\t\theight: 2px;\r\n\t\t\t\t\r\n\t\t\t\t\tbottom: 40%;\r\n\t\t\t\t}.tdi_17 .tdm-title-line{\r\n\t\t\t\t\theight: 49px;\r\n\t\t\t\t}\n<\/style><div class=\"tds-title tds-title2 td-fix-index tdi_17 \"><h3 class=\"tdm-title tdm-title-md\">Notre Politique Qualit\u00e9<\/h3><div class=\"tdm-title-line\"><\/div><\/div><\/div><\/div><\/div><div class=\"tdm_block td_block_wrap tdm_block_inline_text tdi_18 td-pb-border-top td_block_template_1\"  data-td-block-uid=\"tdi_18\" >\n<style>\n\/* custom css - generated by TagDiv Composer *\/\n\/* custom css - generated by TagDiv Composer *\/\n.tdi_18{\r\n                    text-align: center !important;\r\n                    margin-right: auto; \r\n                    margin-left: auto;\r\n                }.tdi_18 .tdm-descr{\r\n\t\t\t\t\tfont-size:16px !important;\r\n\t\t\t\t}\n<\/style><p class=\"tdm-descr\">En tant qu'AKTUVA ELEVATOR, nous poursuivons nos services dans le secteur des ascenseurs locaux et internationaux avec ses performances en constante augmentation. Notre usine et parc de production se compose de machines modernes. Avec une \u00e9quipe d'experts, nous continuons \u00e0 fabriquer des cabines d'ascenseur, des portes d'ascenseur, des panneaux d'ascenseur, des boutons d'ascenseur, avec notre tendance de croissance toujours croissante.\n<br><br>\nLes ascenseurs deviennent des \u00e9l\u00e9ments indispensables de la construction verticale et sont l'un des v\u00e9hicules de transport les plus importants de l'\u00e8re moderne, facilitant nos vies. Les ascenseurs, qui sont utilis\u00e9s par des centaines de personnes chaque jour, comportent naturellement des risques d'accidents de temps en temps en raison de leurs composants m\u00e9caniques et \u00e9lectroniques. Nous sommes ici pour minimiser ce risque et vous fournir un service de qualit\u00e9.\n<br><br>\nPoursuivant ses activit\u00e9s avec le principe de la satisfaction absolue du client, AKTUVA ELEVATOR continue de travailler avec confiance, technologie de pointe, hautes performances, prix raisonnables et normes \u00e9lev\u00e9es en mati\u00e8re de production de masse, d'assemblage, de maintenance et de modernisation.\n\n<br>\n<br>\n<br>\n<br><\/p><\/div><\/div><\/div><\/div><\/div><\/div><\/div>","protected":false},"excerpt":{"rendered":"","protected":false},"author":1,"featured_media":0,"parent":0,"menu_order":0,"comment_status":"closed","ping_status":"closed","template":"","meta":{"footnotes":""},"class_list":["post-873","page","type-page","status-publish","hentry"],"_links":{"self":[{"href":"https:\/\/aktuva.com\/index.php?rest_route=\/wp\/v2\/pages\/873","targetHints":{"allow":["GET"]}}],"collection":[{"href":"https:\/\/aktuva.com\/index.php?rest_route=\/wp\/v2\/pages"}],"about":[{"href":"https:\/\/aktuva.com\/index.php?rest_route=\/wp\/v2\/types\/page"}],"author":[{"embeddable":true,"href":"https:\/\/aktuva.com\/index.php?rest_route=\/wp\/v2\/users\/1"}],"replies":[{"embeddable":true,"href":"https:\/\/aktuva.com\/index.php?rest_route=%2Fwp%2Fv2%2Fcomments&post=873"}],"version-history":[{"count":3,"href":"https:\/\/aktuva.com\/index.php?rest_route=\/wp\/v2\/pages\/873\/revisions"}],"predecessor-version":[{"id":1209,"href":"https:\/\/aktuva.com\/index.php?rest_route=\/wp\/v2\/pages\/873\/revisions\/1209"}],"wp:attachment":[{"href":"https:\/\/aktuva.com\/index.php?rest_route=%2Fwp%2Fv2%2Fmedia&parent=873"}],"curies":[{"name":"wp","href":"https:\/\/api.w.org\/{rel}","templated":true}]}}